{"id":120,"date":"2021-02-18T09:32:48","date_gmt":"2021-02-18T09:32:48","guid":{"rendered":"http:\/\/www.apbprojekt.pl\/?page_id=120"},"modified":"2021-12-03T15:25:50","modified_gmt":"2021-12-03T15:25:50","slug":"realizacje","status":"publish","type":"page","link":"https:\/\/www.apbprojekt.pl\/index.php\/realizacje\/","title":{"rendered":"REALIZACJE"},"content":{"rendered":"\n<div class=\"wp-block-columns is-layout-flex wp-container-core-columns-is-layout-9d6595d7 wp-block-columns-is-layout-flex\">\n<div class=\"wp-block-column is-layout-flow wp-block-column-is-layout-flow\" style=\"flex-basis:100%\">\n<div class=\"wp-block-columns is-layout-flex wp-container-core-columns-is-layout-9d6595d7 wp-block-columns-is-layout-flex\">\n<div class=\"wp-block-column is-layout-flow wp-block-column-is-layout-flow\"><\/div>\n\n\n\n<div class=\"wp-block-column is-layout-flow wp-block-column-is-layout-flow\">\n<p><strong>Zabytki, obiekty muzealne<\/strong><br>Projekty-Instalacje klimatyzacyjne obiekt\u00f3w muzealnych i zabytkowych w tym MNW, Hipoteka, Fabryka czekolady<\/p>\n\n\n\n<p><strong>Budynki przemys\u0142owe <br><\/strong>Instalacje wentylacyjne, dla obiekt\u00f3w przemys\u0142owych (produkcja motoryzacyjna, opakowa\u0144, folii, element\u00f3w z gumy, tworzyw sztucznych, pomieszczenia czyste farmacja, laboratoria, piekarnie, drukarnie, AGD (lub napisa\u0107 obiekty przemys\u0142owe) w tym Vorwerk Brodnica, Filofarm Bydgoszcz,(wykonali\u015bmy 21 projekt\u00f3w i opracowa\u0144)<\/p>\n\n\n\n<p><strong>Budynki u\u017cyteczno\u015bci publicznej<\/strong><br>Projekty-Instalacje wentylacyjne\/klimatyzacyjne biura, szko\u0142y, s\u0105dy, audytoria w tym WAT, budynek uczelni Almamer, budynki s\u0105d\u00f3w okr\u0119gowych w Mi\u0144sku Mazowieckim, P\u0142o\u0144sku i Piasecznie<\/p>\n\n\n\n<p><strong>Obiekty sportowe<\/strong><br>25 krytych basen\u00f3w i hal sportowych, mi\u0119dzy innymi Termy BUKOVINA<\/p>\n\n\n\n<p><strong>Budynk\u00f3w handlowo-us\u0142ugowych<\/strong><br>4 stacje obs\u0142ugi samochod\u00f3w Toyota oraz 6 sklep\u00f3w Decathlon w r\u00f3\u017cnych lokalizacjach w Polsce<\/p>\n\n\n\n<p><strong>Biura<\/strong><\/p>\n\n\n\n<p><strong>Restauracje, kluby<\/strong><\/p>\n\n\n\n<p><strong>Budynki mieszkalne<\/strong><br>wille oraz apartamentowce&nbsp; <\/p>\n\n\n\n<p><strong>Gara\u017ce<\/strong><br>instalacje wentylacyjno-oddymiaj\u0105ce w budynkach mieszkalnych<\/p>\n<\/div>\n\n\n\n<div class=\"wp-block-column is-layout-flow wp-block-column-is-layout-flow\"><\/div>\n<\/div>\n\n\n\n<div class=\"wp-block-columns is-layout-flex wp-container-core-columns-is-layout-9d6595d7 wp-block-columns-is-layout-flex\">\n<div class=\"wp-block-column is-layout-flow wp-block-column-is-layout-flow\" style=\"flex-basis:100%\">\n<div class=\"wp-block-columns is-layout-flex wp-container-core-columns-is-layout-9d6595d7 wp-block-columns-is-layout-flex\">\n<div class=\"wp-block-column is-layout-flow wp-block-column-is-layout-flow\" style=\"flex-basis:100%\"><\/div>\n<\/div>\n<\/div>\n<\/div>\n<\/div>\n<\/div>\n","protected":false},"excerpt":{"rendered":"<p>Zabytki, obiekty muzealneProjekty-Instalacje klimatyzacyjne obiekt\u00f3w muzealnych i zabytkowych w tym MNW, Hipoteka, Fabryka czekolady Budynki przemys\u0142owe Instalacje wentylacyjne, dla obiekt\u00f3w przemys\u0142owych (produkcja motoryzacyjna, opakowa\u0144, folii, element\u00f3w z gumy, tworzyw sztucznych, pomieszczenia czyste farmacja, laboratoria, piekarnie, drukarnie, AGD (lub napisa\u0107 obiekty przemys\u0142owe) w tym Vorwerk Brodnica, Filofarm Bydgoszcz,(wykonali\u015bmy 21 projekt\u00f3w i opracowa\u0144) Budynki u\u017cyteczno\u015bci publicznejProjekty-Instalacje wentylacyjne\/klimatyzacyjne [&hellip;]<\/p>\n","protected":false},"author":2,"featured_media":0,"parent":0,"menu_order":0,"comment_status":"closed","ping_status":"closed","template":"","meta":{"footnotes":""},"class_list":["post-120","page","type-page","status-publish","hentry"],"_links":{"self":[{"href":"https:\/\/www.apbprojekt.pl\/index.php\/wp-json\/wp\/v2\/pages\/120","targetHints":{"allow":["GET"]}}],"collection":[{"href":"https:\/\/www.apbprojekt.pl\/index.php\/wp-json\/wp\/v2\/pages"}],"about":[{"href":"https:\/\/www.apbprojekt.pl\/index.php\/wp-json\/wp\/v2\/types\/page"}],"author":[{"embeddable":true,"href":"https:\/\/www.apbprojekt.pl\/index.php\/wp-json\/wp\/v2\/users\/2"}],"replies":[{"embeddable":true,"href":"https:\/\/www.apbprojekt.pl\/index.php\/wp-json\/wp\/v2\/comments?post=120"}],"version-history":[{"count":12,"href":"https:\/\/www.apbprojekt.pl\/index.php\/wp-json\/wp\/v2\/pages\/120\/revisions"}],"predecessor-version":[{"id":164,"href":"https:\/\/www.apbprojekt.pl\/index.php\/wp-json\/wp\/v2\/pages\/120\/revisions\/164"}],"wp:attachment":[{"href":"https:\/\/www.apbprojekt.pl\/index.php\/wp-json\/wp\/v2\/media?parent=120"}],"curies":[{"name":"wp","href":"https:\/\/api.w.org\/{rel}","templated":true}]}}